{"id":666,"date":"2023-11-14T21:05:53","date_gmt":"2023-11-14T20:05:53","guid":{"rendered":"https:\/\/huguesmaire.com\/?page_id=666"},"modified":"2026-04-01T18:28:28","modified_gmt":"2026-04-01T16:28:28","slug":"vos-avis-commentaires","status":"publish","type":"page","link":"https:\/\/huguesmaire.com\/index.php\/vos-avis-commentaires\/","title":{"rendered":"Vos avis &#038; commentaires"},"content":{"rendered":"\n<p>\/<a href=\"https:\/\/huguesmaire.com\/contact\">https:\/\/huguesmaire.com\/avis<\/a><\/p>\n\n\n\n<p><strong>20 mars 2026<\/strong><\/p>\n\n\n\n<p class=\"has-primary-color has-text-color has-link-color wp-elements-6b2248730a2a5b4ae5fc44452c7a7d70\"><strong>Je ne saurais que trop vous conseiller d\u2019aller voir la magnifique exposition de <a href=\"https:\/\/www.facebook.com\/huguessculpteur.maire.3?__cft__[0]=AZY8DE8blFcnycwX39UjmxMPPy0KArVBvdOA0v5pcWOqSWabplhrqX2NNRFKJkdxFufE36FkImtcqfmQ4S8t-nzJELuEzKjiY2ojFrW8kOVDwnn7RoamUom7cEoumOFciWld6ERH8FWzn2sM0pXtFL_S6ZkF09FghaBgLcW7nkn0Y0ohK_6651Suu1WIniwhkjk&amp;__tn__=-]K-y-R\">Hugues Maire Sculptures<\/a>, dont vous aller forc\u00e9ment ressortir un peu disons\u2026secou\u00e9s! Je ne peux pas trop vous d\u00e9voiler \u2018la chose \u00b4pour vous laisser surprendre autant que nous l\u2019avons \u00e9t\u00e9, mais ce que l\u2019artiste a donn\u00e9 \u00e0 la galerie Lebon n&rsquo;a pas le go\u00fbt du faux. L\u00e0 o\u00f9 d\u2019autres distraient, lui va toucher la plaie. Mais il a aussi ce pouvoir myst\u00e9rieux de d\u00e9poser sur les peines une clart\u00e9 inattendue. Non seulement par le biais de sculptures et de peintures tr\u00e8s figuratives d\u2019une pr\u00e9cision admirable (qui ont \u00e9t\u00e9 prim\u00e9es d\u2019ailleurs), mais aussi par la libert\u00e9 vibrante de peintures plus abstraites que j\u2019ai eu l\u2019\u00e9patement de d\u00e9couvrir ce soir\u2026\u00b4 (Mention sp\u00e9ciale pour \u00b4 Fulgurance\u2019 ).Contraste saisissant.Une expo \u00e0 la fois contemplative et vibrante, qui invite \u00e0 ralentir, observer, ressentir et surtout\u2026se questionner.<\/strong><\/p>\n\n\n\n<p><strong>Gracias \u2018monsieur Hugues\u2019! C\u2019\u00e9tait g\u00e9nial.  Virginie Toucour<\/strong><\/p>\n\n\n\n<p>&#8212;&#8212;&#8212;&#8212;&#8212;&#8212;&#8212;&#8212;&#8212;&#8212;&#8212;&#8212;&#8212;&#8212;&#8212;&#8212;&#8212;&#8212;&#8212;&#8212;&#8212;&#8212;&#8212;&#8212;&#8212;&#8212;<\/p>\n\n\n\n<p><strong>J&rsquo;ai toujours pens\u00e9 que l&rsquo;art \u00e9tait le reflet de l&rsquo;esprit, et que chacun de ceux qui peuvent ou non \u00eatre consid\u00e9r\u00e9s comme des artistes laisse peu ou beaucoup de ce que nous pensons et ressentons dans chacune de nos \u0153uvres ; au moment o\u00f9 nous orientons notre expression artistique et nous la rendons r\u00e9alit\u00e9 avec une cause justifi\u00e9e, elle devient un outil qui peut aider \u00e0 sensibiliser et \u00e0 changer la vision de certaines situations. L&rsquo;art de mon point de vue personnel n&rsquo;est pas seulement esth\u00e9tique il va plus loin, c&rsquo;est une fa\u00e7on de fusionner le message personnel \u00e0 une soci\u00e9t\u00e9, cherchant souvent \u00e0 renforcer et \u00e0 sensibiliser certains \u00e9v\u00e9nements qui impactent notre quotidien.<\/strong><\/p>\n\n\n\n<p class=\"has-foreground-color has-text-color has-link-color wp-elements-441630b5865d8645cc030208f56f51dd\"><strong>La d\u00e9termination et l&rsquo;engagement de l&rsquo;artiste <a href=\"https:\/\/www.facebook.com\/huguessculpteur.maire.3?__cft__[0]=AZY-bCAsrrw_9HrM4nXCwkj_08i0nEJc0REj0PPSuoGfJb3JOTsi0REt4qaguavM3xYgHXuhvfyzB88GxM8Aa7xQBp-4ntPYy86fqcbye7Wft0q8lC2zp9-qb4jsQvCyN11w-6VRAQvwCRO4xnz8gvbSI6l_IqNnessLM1OAocmDI7E1RgFQPALtAS6N6CaKCk0&amp;__tn__=-]K-y-R\">Hugues Maire Sculptures<\/a> sont remarquables et admirables. Aborder des th\u00e9matiques comme le cancer, la guerre, les \u00e9pid\u00e9mies et la d\u00e9gradation de l&rsquo;environnement ainsi que la consommation excessive de produits inutiles, \u00e0 travers ses \u0153uvres confirme et partage ma vision de l&rsquo;Art. Il n&rsquo;est pas toujours facile pour un artiste de choisir entre cr\u00e9er pour vendre ou sensibiliser les autres \u00e0 tout ce qui nous met mal \u00e0 l&rsquo;aise ou qui montre le c\u00f4t\u00e9 pas si agr\u00e9able du monde dans lequel nous vivons. Avec tout ce qui a \u00e9t\u00e9 dit pr\u00e9c\u00e9demment, je ne peux qu&rsquo;ajouter BRAVO et MERCI !!! \u00e0 l&rsquo;artiste Hugues Maire pour la mise en sc\u00e8ne de chacune de ses \u0153uvres et les messages si forts qu&rsquo;ils portent notamment deux d&rsquo;entre elles et qui m&rsquo;ont choqu\u00e9 de fa\u00e7on tr\u00e8s personnelle. Je me suis limit\u00e9 \u00e0 publier des photos afin de vous r\u00e9server la surprise en visitant l&rsquo;exposition.<\/strong> <strong>Lorena Khelladi<\/strong><\/p>\n\n\n\n<p>_____________________________________________________________________________<\/p>\n\n\n\n<p><\/p>\n\n\n\n<p><\/p>\n\n\n\n<p class=\"has-foreground-color has-text-color has-link-color wp-elements-28b77e04e8fc22b0bcf3111b640a61a7\"><strong>Cet apr\u00e8s-midi, j\u2019ai eu le plaisir d\u2019assister au vernissage de l\u2019exposition de <a href=\"https:\/\/www.facebook.com\/huguessculpteur.maire.3?__cft__[0]=AZYnb2UM49WTsSJR4CuKPkUJ1kSmdkY5jgJPnG-sYBoSFpL5TVf0Ue8mCmarzEavdlWp6K-MzM9ggPQxC87SlTaoW66B5cz790UTbBygRB9DBzmGodcZ94NK8ShkH2BH4Sn6NNwLQT178S48EJbNBSWzXfchRRTzNFNi-oLOOOEjKGY38bTa53W9xpLehBHCN9Y&amp;__tn__=-]K-R\">Hugues Maire<\/a>, alias HuMa, \u00e0 la galerie Lebon \u00e0 Charleville-M\u00e9zi\u00e8res.<\/strong><\/p>\n\n\n\n<p><strong>Autodidacte, cet artiste ardennais impressionne par la sinc\u00e9rit\u00e9 et la libert\u00e9 de sa d\u00e9marche. En quelques ann\u00e9es seulement, il a su d\u00e9velopper un univers singulier, guid\u00e9 par l\u2019exp\u00e9rimentation et un rapport tr\u00e8s direct \u00e0 la mati\u00e8re.<\/strong><\/p>\n\n\n\n<p><strong>Ses \u0153uvres, qu\u2019elles soient picturales ou sculpturales, t\u00e9moignent d\u2019une grande sensibilit\u00e9 et d\u2019une vraie ma\u00eetrise technique. J\u2019ai particuli\u00e8rement \u00e9t\u00e9 marqu\u00e9 par la force de ses portraits f\u00e9minins, m\u00ealant avec finesse surr\u00e9alisme et touches contemporaines, ainsi que par l\u2019\u00e9l\u00e9gance de ses sculptures, \u00e0 la fois expressives et \u00e9pur\u00e9es.<\/strong><\/p>\n\n\n\n<p><strong>Son parcours, d\u00e9j\u00e0 reconnu dans plusieurs salons en France et \u00e0 l\u2019\u00e9tranger, illustre une capacit\u00e9 rare \u00e0 se renouveler et \u00e0 surprendre. L\u2019installation immersive qu\u2019il propose aujourd\u2019hui confirme cette volont\u00e9 d\u2019explorer de nouveaux formats et d\u2019interroger le regard du spectateur.<\/strong><\/p>\n\n\n\n<p><strong>Une belle d\u00e9couverte artistique, port\u00e9e par un talent authentique et une exigence qui force le respect.<\/strong><\/p>\n\n\n\n<p><strong>Je vous invite vivement \u00e0 d\u00e9couvrir cette exposition. Patrick Fostier <\/strong><\/p>\n","protected":false},"excerpt":{"rendered":"<p>\/https:\/\/huguesmaire.com\/avis 20 mars 2026 Je ne saurais que trop vous conseiller d\u2019aller voir la magnifique exposition de Hugues Maire Sculptures, dont vous aller forc\u00e9ment ressortir un peu disons\u2026secou\u00e9s! Je ne peux pas trop vous d\u00e9voiler \u2018la chose \u00b4pour vous laisser surprendre autant que nous l\u2019avons \u00e9t\u00e9, mais ce que l\u2019artiste a donn\u00e9 \u00e0 la galerie [&hellip;]<\/p>\n","protected":false},"author":1,"featured_media":0,"parent":0,"menu_order":0,"comment_status":"closed","ping_status":"closed","template":"","meta":{"_monsterinsights_skip_tracking":false,"_monsterinsights_sitenote_active":false,"_monsterinsights_sitenote_note":"","_monsterinsights_sitenote_category":0,"_uf_show_specific_survey":0,"_uf_disable_surveys":false,"footnotes":""},"class_list":["post-666","page","type-page","status-publish","hentry"],"_links":{"self":[{"href":"https:\/\/huguesmaire.com\/index.php\/wp-json\/wp\/v2\/pages\/666","targetHints":{"allow":["GET"]}}],"collection":[{"href":"https:\/\/huguesmaire.com\/index.php\/wp-json\/wp\/v2\/pages"}],"about":[{"href":"https:\/\/huguesmaire.com\/index.php\/wp-json\/wp\/v2\/types\/page"}],"author":[{"embeddable":true,"href":"https:\/\/huguesmaire.com\/index.php\/wp-json\/wp\/v2\/users\/1"}],"replies":[{"embeddable":true,"href":"https:\/\/huguesmaire.com\/index.php\/wp-json\/wp\/v2\/comments?post=666"}],"version-history":[{"count":6,"href":"https:\/\/huguesmaire.com\/index.php\/wp-json\/wp\/v2\/pages\/666\/revisions"}],"predecessor-version":[{"id":987,"href":"https:\/\/huguesmaire.com\/index.php\/wp-json\/wp\/v2\/pages\/666\/revisions\/987"}],"wp:attachment":[{"href":"https:\/\/huguesmaire.com\/index.php\/wp-json\/wp\/v2\/media?parent=666"}],"curies":[{"name":"wp","href":"https:\/\/api.w.org\/{rel}","templated":true}]}}