{"id":473,"date":"2023-06-22T20:49:37","date_gmt":"2023-06-22T18:49:37","guid":{"rendered":"http:\/\/huguesmaire.com\/?page_id=473"},"modified":"2026-04-07T18:38:48","modified_gmt":"2026-04-07T16:38:48","slug":"peintures","status":"publish","type":"page","link":"https:\/\/huguesmaire.com\/index.php\/peintures\/","title":{"rendered":"Peintures de la plus ancienne \u00e0 la plus r\u00e9cente"},"content":{"rendered":"\n<p class=\"has-text-align-center has-x-large-font-size\"><strong>Peintures de la plus ancienne \u00e0 la plus r\u00e9cente<\/strong><\/p>\n\n\n\n<div class=\"wp-block-columns is-layout-flex wp-container-core-columns-is-layout-28f84493 wp-block-columns-is-layout-flex\">\n<div class=\"wp-block-column is-layout-flow wp-block-column-is-layout-flow\"><\/div>\n<\/div>\n\n\n\n<div class=\"wp-block-columns is-layout-flex wp-container-core-columns-is-layout-28f84493 wp-block-columns-is-layout-flex\">\n<div class=\"wp-block-column is-layout-flow wp-block-column-is-layout-flow\">\n<div class=\"wp-block-columns is-layout-flex wp-container-core-columns-is-layout-28f84493 wp-block-columns-is-layout-flex\">\n<div class=\"wp-block-column is-layout-flow wp-block-column-is-layout-flow\">\n<figure class=\"wp-block-image aligncenter size-large is-resized\"><img loading=\"lazy\" decoding=\"async\" width=\"1024\" height=\"753\" src=\"https:\/\/huguesmaire.com\/wp-content\/uploads\/2023\/06\/Acryl-1-1024x753.jpg\" alt=\"\" class=\"wp-image-377\" style=\"width:615px;height:auto\" srcset=\"https:\/\/huguesmaire.com\/wp-content\/uploads\/2023\/06\/Acryl-1-1024x753.jpg 1024w, https:\/\/huguesmaire.com\/wp-content\/uploads\/2023\/06\/Acryl-1-300x221.jpg 300w, https:\/\/huguesmaire.com\/wp-content\/uploads\/2023\/06\/Acryl-1-768x565.jpg 768w, https:\/\/huguesmaire.com\/wp-content\/uploads\/2023\/06\/Acryl-1-1536x1130.jpg 1536w, https:\/\/huguesmaire.com\/wp-content\/uploads\/2023\/06\/Acryl-1-2048x1507.jpg 2048w\" sizes=\"auto, (max-width: 1024px) 100vw, 1024px\" \/><figcaption class=\"wp-element-caption\"><strong><mark style=\"background-color:rgba(0, 0, 0, 0)\" class=\"has-inline-color has-foreground-color\">Number one<\/mark><\/strong><\/figcaption><\/figure>\n<\/div>\n<\/div>\n<\/div>\n\n\n\n<div class=\"wp-block-column is-layout-flow wp-block-column-is-layout-flow\">\n<figure class=\"wp-block-image aligncenter size-large is-resized\"><img loading=\"lazy\" decoding=\"async\" width=\"1024\" height=\"751\" src=\"https:\/\/huguesmaire.com\/wp-content\/uploads\/2023\/06\/Acryl-2-1024x751.jpg\" alt=\"\" class=\"wp-image-378\" style=\"width:597px;height:auto\" srcset=\"https:\/\/huguesmaire.com\/wp-content\/uploads\/2023\/06\/Acryl-2-1024x751.jpg 1024w, https:\/\/huguesmaire.com\/wp-content\/uploads\/2023\/06\/Acryl-2-300x220.jpg 300w, https:\/\/huguesmaire.com\/wp-content\/uploads\/2023\/06\/Acryl-2-768x564.jpg 768w, https:\/\/huguesmaire.com\/wp-content\/uploads\/2023\/06\/Acryl-2-1536x1127.jpg 1536w, https:\/\/huguesmaire.com\/wp-content\/uploads\/2023\/06\/Acryl-2-2048x1503.jpg 2048w\" sizes=\"auto, (max-width: 1024px) 100vw, 1024px\" \/><figcaption class=\"wp-element-caption\"><strong><mark style=\"background-color:rgba(0, 0, 0, 0)\" class=\"has-inline-color has-foreground-color\">Bain sulfureux<\/mark><\/strong> (collection priv\u00e9e)<\/figcaption><\/figure>\n<\/div>\n<\/div>\n\n\n\n<div class=\"wp-block-columns is-layout-flex wp-container-core-columns-is-layout-28f84493 wp-block-columns-is-layout-flex\">\n<div class=\"wp-block-column is-layout-flow wp-block-column-is-layout-flow\">\n<figure class=\"wp-block-image aligncenter size-large is-resized\"><img loading=\"lazy\" decoding=\"async\" width=\"1024\" height=\"760\" src=\"https:\/\/huguesmaire.com\/wp-content\/uploads\/2023\/06\/Acryl-3-1024x760.jpg\" alt=\"\" class=\"wp-image-379\" style=\"aspect-ratio:1.3473914081959941;width:582px;height:auto\" srcset=\"https:\/\/huguesmaire.com\/wp-content\/uploads\/2023\/06\/Acryl-3-1024x760.jpg 1024w, https:\/\/huguesmaire.com\/wp-content\/uploads\/2023\/06\/Acryl-3-300x223.jpg 300w, https:\/\/huguesmaire.com\/wp-content\/uploads\/2023\/06\/Acryl-3-768x570.jpg 768w, https:\/\/huguesmaire.com\/wp-content\/uploads\/2023\/06\/Acryl-3-1536x1140.jpg 1536w, https:\/\/huguesmaire.com\/wp-content\/uploads\/2023\/06\/Acryl-3-2048x1519.jpg 2048w\" sizes=\"auto, (max-width: 1024px) 100vw, 1024px\" \/><figcaption class=\"wp-element-caption\"><strong><mark style=\"background-color:rgba(0, 0, 0, 0)\" class=\"has-inline-color has-foreground-color\">Ventilation<\/mark><\/strong><\/figcaption><\/figure>\n<\/div>\n\n\n\n<div class=\"wp-block-column is-layout-flow wp-block-column-is-layout-flow\">\n<figure class=\"wp-block-image aligncenter size-large is-resized\"><img loading=\"lazy\" decoding=\"async\" width=\"1024\" height=\"752\" src=\"https:\/\/huguesmaire.com\/wp-content\/uploads\/2023\/06\/Acryl-4-1024x752.jpg\" alt=\"\" class=\"wp-image-380\" style=\"width:586px;height:auto\" srcset=\"https:\/\/huguesmaire.com\/wp-content\/uploads\/2023\/06\/Acryl-4-1024x752.jpg 1024w, https:\/\/huguesmaire.com\/wp-content\/uploads\/2023\/06\/Acryl-4-300x220.jpg 300w, https:\/\/huguesmaire.com\/wp-content\/uploads\/2023\/06\/Acryl-4-768x564.jpg 768w, https:\/\/huguesmaire.com\/wp-content\/uploads\/2023\/06\/Acryl-4-1536x1128.jpg 1536w, https:\/\/huguesmaire.com\/wp-content\/uploads\/2023\/06\/Acryl-4-2048x1504.jpg 2048w\" sizes=\"auto, (max-width: 1024px) 100vw, 1024px\" \/><figcaption class=\"wp-element-caption\"><mark style=\"background-color:rgba(0, 0, 0, 0)\" class=\"has-inline-color has-foreground-color\">L<strong>e bateau ivre 1<\/strong><\/mark> (collection priv\u00e9e)<\/figcaption><\/figure>\n<\/div>\n<\/div>\n\n\n\n<div class=\"wp-block-columns is-layout-flex wp-container-core-columns-is-layout-28f84493 wp-block-columns-is-layout-flex\">\n<div class=\"wp-block-column is-layout-flow wp-block-column-is-layout-flow\">\n<figure class=\"wp-block-image aligncenter size-large is-resized\"><img loading=\"lazy\" decoding=\"async\" width=\"1024\" height=\"713\" src=\"https:\/\/huguesmaire.com\/wp-content\/uploads\/2023\/06\/Acryl-5-1024x713.jpg\" alt=\"\" class=\"wp-image-381\" style=\"width:608px;height:auto\" srcset=\"https:\/\/huguesmaire.com\/wp-content\/uploads\/2023\/06\/Acryl-5-1024x713.jpg 1024w, https:\/\/huguesmaire.com\/wp-content\/uploads\/2023\/06\/Acryl-5-300x209.jpg 300w, https:\/\/huguesmaire.com\/wp-content\/uploads\/2023\/06\/Acryl-5-768x535.jpg 768w, https:\/\/huguesmaire.com\/wp-content\/uploads\/2023\/06\/Acryl-5-1536x1070.jpg 1536w, https:\/\/huguesmaire.com\/wp-content\/uploads\/2023\/06\/Acryl-5-2048x1426.jpg 2048w\" sizes=\"auto, (max-width: 1024px) 100vw, 1024px\" \/><figcaption class=\"wp-element-caption\"><strong><mark style=\"background-color:rgba(0, 0, 0, 0)\" class=\"has-inline-color has-foreground-color\">Soleils<\/mark><\/strong><\/figcaption><\/figure>\n<\/div>\n\n\n\n<div class=\"wp-block-column is-layout-flow wp-block-column-is-layout-flow\">\n<figure class=\"wp-block-image aligncenter size-large is-resized\"><img loading=\"lazy\" decoding=\"async\" width=\"1024\" height=\"852\" src=\"https:\/\/huguesmaire.com\/wp-content\/uploads\/2023\/06\/Acryl-6-1024x852.jpg\" alt=\"\" class=\"wp-image-382\" style=\"width:522px;height:auto\" srcset=\"https:\/\/huguesmaire.com\/wp-content\/uploads\/2023\/06\/Acryl-6-1024x852.jpg 1024w, https:\/\/huguesmaire.com\/wp-content\/uploads\/2023\/06\/Acryl-6-300x250.jpg 300w, https:\/\/huguesmaire.com\/wp-content\/uploads\/2023\/06\/Acryl-6-768x639.jpg 768w, https:\/\/huguesmaire.com\/wp-content\/uploads\/2023\/06\/Acryl-6-1536x1278.jpg 1536w, https:\/\/huguesmaire.com\/wp-content\/uploads\/2023\/06\/Acryl-6-2048x1704.jpg 2048w\" sizes=\"auto, (max-width: 1024px) 100vw, 1024px\" \/><figcaption class=\"wp-element-caption\"><strong><mark style=\"background-color:rgba(0, 0, 0, 0)\" class=\"has-inline-color has-foreground-color\">Fulgurance<\/mark><\/strong> (collection pribv\u00e9e)<\/figcaption><\/figure>\n<\/div>\n<\/div>\n\n\n\n<div class=\"wp-block-columns is-layout-flex wp-container-core-columns-is-layout-28f84493 wp-block-columns-is-layout-flex\">\n<div class=\"wp-block-column is-layout-flow wp-block-column-is-layout-flow\">\n<figure class=\"wp-block-image aligncenter size-large is-resized\"><img loading=\"lazy\" decoding=\"async\" width=\"1008\" height=\"1024\" src=\"https:\/\/huguesmaire.com\/wp-content\/uploads\/2023\/06\/Acryl-7-1008x1024.jpg\" alt=\"\" class=\"wp-image-383\" style=\"width:611px;height:auto\" srcset=\"https:\/\/huguesmaire.com\/wp-content\/uploads\/2023\/06\/Acryl-7-1008x1024.jpg 1008w, https:\/\/huguesmaire.com\/wp-content\/uploads\/2023\/06\/Acryl-7-295x300.jpg 295w, https:\/\/huguesmaire.com\/wp-content\/uploads\/2023\/06\/Acryl-7-768x780.jpg 768w, https:\/\/huguesmaire.com\/wp-content\/uploads\/2023\/06\/Acryl-7-1512x1536.jpg 1512w, https:\/\/huguesmaire.com\/wp-content\/uploads\/2023\/06\/Acryl-7.jpg 1757w\" sizes=\"auto, (max-width: 1008px) 100vw, 1008px\" \/><figcaption class=\"wp-element-caption\"><strong><mark style=\"background-color:rgba(0, 0, 0, 0)\" class=\"has-inline-color has-foreground-color\">Fusions<\/mark><\/strong><\/figcaption><\/figure>\n<\/div>\n\n\n\n<div class=\"wp-block-column is-layout-flow wp-block-column-is-layout-flow\">\n<figure class=\"wp-block-image aligncenter size-large is-resized\"><img loading=\"lazy\" decoding=\"async\" width=\"1024\" height=\"849\" src=\"https:\/\/huguesmaire.com\/wp-content\/uploads\/2026\/04\/20260227_085017-2-1024x849.jpg\" alt=\"\" class=\"wp-image-990\" style=\"aspect-ratio:1.2061303805822394;width:635px;height:auto\" srcset=\"https:\/\/huguesmaire.com\/wp-content\/uploads\/2026\/04\/20260227_085017-2-1024x849.jpg 1024w, https:\/\/huguesmaire.com\/wp-content\/uploads\/2026\/04\/20260227_085017-2-300x249.jpg 300w, https:\/\/huguesmaire.com\/wp-content\/uploads\/2026\/04\/20260227_085017-2-768x637.jpg 768w, https:\/\/huguesmaire.com\/wp-content\/uploads\/2026\/04\/20260227_085017-2-1536x1273.jpg 1536w, https:\/\/huguesmaire.com\/wp-content\/uploads\/2026\/04\/20260227_085017-2-2048x1698.jpg 2048w\" sizes=\"auto, (max-width: 1024px) 100vw, 1024px\" \/><\/figure>\n\n\n\n<ul class=\"wp-block-list\">\n<li>Spires<\/li>\n<\/ul>\n<\/div>\n<\/div>\n\n\n\n<div class=\"wp-block-columns is-layout-flex wp-container-core-columns-is-layout-28f84493 wp-block-columns-is-layout-flex\">\n<div class=\"wp-block-column is-layout-flow wp-block-column-is-layout-flow\"><\/div>\n\n\n\n<div class=\"wp-block-column is-layout-flow wp-block-column-is-layout-flow\"><\/div>\n<\/div>\n\n\n\n<figure class=\"wp-block-image aligncenter size-large is-resized\"><img loading=\"lazy\" decoding=\"async\" width=\"1020\" height=\"1024\" src=\"https:\/\/huguesmaire.com\/wp-content\/uploads\/2023\/06\/Bateau_ivre-1020x1024.jpg\" alt=\"\" class=\"wp-image-385\" style=\"width:628px;height:auto\" srcset=\"https:\/\/huguesmaire.com\/wp-content\/uploads\/2023\/06\/Bateau_ivre-1020x1024.jpg 1020w, https:\/\/huguesmaire.com\/wp-content\/uploads\/2023\/06\/Bateau_ivre-300x300.jpg 300w, https:\/\/huguesmaire.com\/wp-content\/uploads\/2023\/06\/Bateau_ivre-150x150.jpg 150w, https:\/\/huguesmaire.com\/wp-content\/uploads\/2023\/06\/Bateau_ivre-768x771.jpg 768w, https:\/\/huguesmaire.com\/wp-content\/uploads\/2023\/06\/Bateau_ivre-1529x1536.jpg 1529w, https:\/\/huguesmaire.com\/wp-content\/uploads\/2023\/06\/Bateau_ivre-230x230.jpg 230w, https:\/\/huguesmaire.com\/wp-content\/uploads\/2023\/06\/Bateau_ivre-365x365.jpg 365w, https:\/\/huguesmaire.com\/wp-content\/uploads\/2023\/06\/Bateau_ivre.jpg 1845w\" sizes=\"auto, (max-width: 1020px) 100vw, 1020px\" \/><\/figure>\n\n\n\n<p class=\"has-text-align-center\"><strong>Bateau ivre <\/strong>2 (100&#215;100) collection priv\u00e9e<\/p>\n\n\n\n<p><\/p>\n\n\n\n<figure class=\"wp-block-image aligncenter size-large is-resized\"><img loading=\"lazy\" decoding=\"async\" width=\"1024\" height=\"1010\" src=\"https:\/\/huguesmaire.com\/wp-content\/uploads\/2023\/11\/Acryl-9-1024x1010.jpg\" alt=\"\" class=\"wp-image-614\" style=\"width:625px;height:auto\" srcset=\"https:\/\/huguesmaire.com\/wp-content\/uploads\/2023\/11\/Acryl-9-1024x1010.jpg 1024w, https:\/\/huguesmaire.com\/wp-content\/uploads\/2023\/11\/Acryl-9-300x296.jpg 300w, https:\/\/huguesmaire.com\/wp-content\/uploads\/2023\/11\/Acryl-9-768x758.jpg 768w, https:\/\/huguesmaire.com\/wp-content\/uploads\/2023\/11\/Acryl-9-1536x1515.jpg 1536w, https:\/\/huguesmaire.com\/wp-content\/uploads\/2023\/11\/Acryl-9.jpg 1863w\" sizes=\"auto, (max-width: 1024px) 100vw, 1024px\" \/><\/figure>\n\n\n\n<p class=\"has-text-align-center\"><strong>Envols (80&#215;80)<\/strong><\/p>\n\n\n\n<p><\/p>\n\n\n\n<figure class=\"wp-block-image aligncenter size-large is-resized\"><img loading=\"lazy\" decoding=\"async\" width=\"1024\" height=\"841\" src=\"https:\/\/huguesmaire.com\/wp-content\/uploads\/2024\/03\/acryl-11-1024x841.jpg\" alt=\"\" class=\"wp-image-680\" style=\"width:616px;height:auto\" srcset=\"https:\/\/huguesmaire.com\/wp-content\/uploads\/2024\/03\/acryl-11-1024x841.jpg 1024w, https:\/\/huguesmaire.com\/wp-content\/uploads\/2024\/03\/acryl-11-300x246.jpg 300w, https:\/\/huguesmaire.com\/wp-content\/uploads\/2024\/03\/acryl-11-768x631.jpg 768w, https:\/\/huguesmaire.com\/wp-content\/uploads\/2024\/03\/acryl-11-1536x1262.jpg 1536w, https:\/\/huguesmaire.com\/wp-content\/uploads\/2024\/03\/acryl-11-2048x1682.jpg 2048w\" sizes=\"auto, (max-width: 1024px) 100vw, 1024px\" \/><\/figure>\n\n\n\n<p class=\"has-text-align-center\"><strong>Bateau ivre 3<\/strong> (100&#215;100)<\/p>\n\n\n\n<p><\/p>\n\n\n\n<figure class=\"wp-block-image aligncenter size-large is-resized\"><img loading=\"lazy\" decoding=\"async\" width=\"1024\" height=\"1021\" src=\"https:\/\/huguesmaire.com\/wp-content\/uploads\/2025\/04\/20250401_112817-1024x1021.jpg\" alt=\"\" class=\"wp-image-768\" style=\"width:638px;height:auto\" srcset=\"https:\/\/huguesmaire.com\/wp-content\/uploads\/2025\/04\/20250401_112817-1024x1021.jpg 1024w, https:\/\/huguesmaire.com\/wp-content\/uploads\/2025\/04\/20250401_112817-300x300.jpg 300w, https:\/\/huguesmaire.com\/wp-content\/uploads\/2025\/04\/20250401_112817-150x150.jpg 150w, https:\/\/huguesmaire.com\/wp-content\/uploads\/2025\/04\/20250401_112817-768x766.jpg 768w, https:\/\/huguesmaire.com\/wp-content\/uploads\/2025\/04\/20250401_112817-1536x1532.jpg 1536w, https:\/\/huguesmaire.com\/wp-content\/uploads\/2025\/04\/20250401_112817-2048x2042.jpg 2048w\" sizes=\"auto, (max-width: 1024px) 100vw, 1024px\" \/><\/figure>\n\n\n\n<p class=\"has-text-align-center\"><strong>Sensuelle 1<\/strong> (100&#215;100) r\u00e9serv\u00e9<\/p>\n\n\n\n<p><\/p>\n\n\n\n<div class=\"wp-block-columns is-layout-flex wp-container-core-columns-is-layout-28f84493 wp-block-columns-is-layout-flex\">\n<div class=\"wp-block-column is-layout-flow wp-block-column-is-layout-flow\">\n<figure class=\"wp-block-image aligncenter size-large is-resized\"><img loading=\"lazy\" decoding=\"async\" width=\"1024\" height=\"1001\" src=\"https:\/\/huguesmaire.com\/wp-content\/uploads\/2025\/07\/20250624_174701-1024x1001.jpg\" alt=\"\" class=\"wp-image-774\" style=\"width:635px;height:auto\" srcset=\"https:\/\/huguesmaire.com\/wp-content\/uploads\/2025\/07\/20250624_174701-1024x1001.jpg 1024w, https:\/\/huguesmaire.com\/wp-content\/uploads\/2025\/07\/20250624_174701-300x293.jpg 300w, https:\/\/huguesmaire.com\/wp-content\/uploads\/2025\/07\/20250624_174701-768x751.jpg 768w, https:\/\/huguesmaire.com\/wp-content\/uploads\/2025\/07\/20250624_174701-1536x1501.jpg 1536w, https:\/\/huguesmaire.com\/wp-content\/uploads\/2025\/07\/20250624_174701-2048x2001.jpg 2048w\" sizes=\"auto, (max-width: 1024px) 100vw, 1024px\" \/><\/figure>\n\n\n\n<p class=\"has-text-align-center\"><strong>La br\u00fblure du silence<\/strong> (80&#215;80) r\u00e9serv\u00e9<\/p>\n\n\n\n<p><\/p>\n\n\n\n<figure class=\"wp-block-image aligncenter size-large is-resized\"><img loading=\"lazy\" decoding=\"async\" width=\"1009\" height=\"1024\" src=\"https:\/\/huguesmaire.com\/wp-content\/uploads\/2025\/10\/20250831_193848-1009x1024.jpg\" alt=\"\" class=\"wp-image-863\" style=\"width:628px;height:auto\" srcset=\"https:\/\/huguesmaire.com\/wp-content\/uploads\/2025\/10\/20250831_193848-1009x1024.jpg 1009w, https:\/\/huguesmaire.com\/wp-content\/uploads\/2025\/10\/20250831_193848-296x300.jpg 296w, https:\/\/huguesmaire.com\/wp-content\/uploads\/2025\/10\/20250831_193848-768x779.jpg 768w, https:\/\/huguesmaire.com\/wp-content\/uploads\/2025\/10\/20250831_193848-1514x1536.jpg 1514w, https:\/\/huguesmaire.com\/wp-content\/uploads\/2025\/10\/20250831_193848-2018x2048.jpg 2018w\" sizes=\"auto, (max-width: 1009px) 100vw, 1009px\" \/><\/figure>\n\n\n\n<p class=\"has-text-align-center\"><strong>Sensuelle 2<\/strong> (100&#215;100) r\u00e9serv\u00e9<\/p>\n\n\n\n<p><\/p>\n\n\n\n<figure class=\"wp-block-image aligncenter size-large is-resized\"><img loading=\"lazy\" decoding=\"async\" width=\"1024\" height=\"1022\" src=\"https:\/\/huguesmaire.com\/wp-content\/uploads\/2025\/10\/20250916_121050-1024x1022.jpg\" alt=\"\" class=\"wp-image-864\" style=\"width:620px;height:auto\" srcset=\"https:\/\/huguesmaire.com\/wp-content\/uploads\/2025\/10\/20250916_121050-1024x1022.jpg 1024w, https:\/\/huguesmaire.com\/wp-content\/uploads\/2025\/10\/20250916_121050-300x300.jpg 300w, https:\/\/huguesmaire.com\/wp-content\/uploads\/2025\/10\/20250916_121050-150x150.jpg 150w, https:\/\/huguesmaire.com\/wp-content\/uploads\/2025\/10\/20250916_121050-768x766.jpg 768w, https:\/\/huguesmaire.com\/wp-content\/uploads\/2025\/10\/20250916_121050-1536x1532.jpg 1536w, https:\/\/huguesmaire.com\/wp-content\/uploads\/2025\/10\/20250916_121050-2048x2043.jpg 2048w\" sizes=\"auto, (max-width: 1024px) 100vw, 1024px\" \/><\/figure>\n\n\n\n<p class=\"has-text-align-center\"><strong>Eclipse int\u00e9rieure<\/strong> (100&#215;100) r\u00e9serv\u00e9<\/p>\n\n\n\n<p><\/p>\n<\/div>\n<\/div>\n\n\n\n<figure class=\"wp-block-image aligncenter size-large is-resized\"><img loading=\"lazy\" decoding=\"async\" width=\"1024\" height=\"1022\" src=\"https:\/\/huguesmaire.com\/wp-content\/uploads\/2025\/12\/20251217_165816-1024x1022.jpg\" alt=\"\" class=\"wp-image-941\" style=\"width:620px;height:auto\" srcset=\"https:\/\/huguesmaire.com\/wp-content\/uploads\/2025\/12\/20251217_165816-1024x1022.jpg 1024w, https:\/\/huguesmaire.com\/wp-content\/uploads\/2025\/12\/20251217_165816-300x300.jpg 300w, https:\/\/huguesmaire.com\/wp-content\/uploads\/2025\/12\/20251217_165816-150x150.jpg 150w, https:\/\/huguesmaire.com\/wp-content\/uploads\/2025\/12\/20251217_165816-768x766.jpg 768w, https:\/\/huguesmaire.com\/wp-content\/uploads\/2025\/12\/20251217_165816-1536x1532.jpg 1536w, https:\/\/huguesmaire.com\/wp-content\/uploads\/2025\/12\/20251217_165816-2048x2043.jpg 2048w\" sizes=\"auto, (max-width: 1024px) 100vw, 1024px\" \/><\/figure>\n\n\n\n<p class=\"has-text-align-center\"><strong>Sensuelle 3<\/strong> (100&#215;100) r\u00e9serv\u00e9<\/p>\n\n\n\n<figure class=\"wp-block-image aligncenter size-large is-resized\"><img loading=\"lazy\" decoding=\"async\" width=\"1024\" height=\"1013\" src=\"https:\/\/huguesmaire.com\/wp-content\/uploads\/2026\/04\/20260124_111325-1024x1013.jpg\" alt=\"\" class=\"wp-image-957\" style=\"width:620px;height:auto\" srcset=\"https:\/\/huguesmaire.com\/wp-content\/uploads\/2026\/04\/20260124_111325-1024x1013.jpg 1024w, https:\/\/huguesmaire.com\/wp-content\/uploads\/2026\/04\/20260124_111325-300x297.jpg 300w, https:\/\/huguesmaire.com\/wp-content\/uploads\/2026\/04\/20260124_111325-768x760.jpg 768w, https:\/\/huguesmaire.com\/wp-content\/uploads\/2026\/04\/20260124_111325-1536x1519.jpg 1536w, https:\/\/huguesmaire.com\/wp-content\/uploads\/2026\/04\/20260124_111325-2048x2026.jpg 2048w\" sizes=\"auto, (max-width: 1024px) 100vw, 1024px\" \/><\/figure>\n\n\n\n<p class=\"has-text-align-center\"><strong>Sensuelle 4<\/strong> (100&#215;100)<\/p>\n\n\n\n<div class=\"wp-block-buttons alignwide is-content-justification-center is-layout-flex wp-container-core-buttons-is-layout-a89b3969 wp-block-buttons-is-layout-flex\">\n<div class=\"wp-block-button\"><a class=\"wp-block-button__link has-text-align-center wp-element-button\" href=\"https:\/\/huguesmaire.com\"><strong>Retour Acceuil<\/strong><\/a><\/div>\n<\/div>\n\n\n\n<p><\/p>\n","protected":false},"excerpt":{"rendered":"<p>Peintures de la plus ancienne \u00e0 la plus r\u00e9cente Bateau ivre 2 (100&#215;100) collection priv\u00e9e Envols (80&#215;80) Bateau ivre 3 (100&#215;100) Sensuelle 1 (100&#215;100) r\u00e9serv\u00e9 La br\u00fblure du silence (80&#215;80) r\u00e9serv\u00e9 Sensuelle 2 (100&#215;100) r\u00e9serv\u00e9 Eclipse int\u00e9rieure (100&#215;100) r\u00e9serv\u00e9 Sensuelle 3 (100&#215;100) r\u00e9serv\u00e9 Sensuelle 4 (100&#215;100)<\/p>\n","protected":false},"author":1,"featured_media":0,"parent":0,"menu_order":0,"comment_status":"open","ping_status":"closed","template":"blank","meta":{"_monsterinsights_skip_tracking":false,"_monsterinsights_sitenote_active":false,"_monsterinsights_sitenote_note":"","_monsterinsights_sitenote_category":0,"_uf_show_specific_survey":0,"_uf_disable_surveys":false,"footnotes":""},"class_list":["post-473","page","type-page","status-publish","hentry"],"_links":{"self":[{"href":"https:\/\/huguesmaire.com\/index.php\/wp-json\/wp\/v2\/pages\/473","targetHints":{"allow":["GET"]}}],"collection":[{"href":"https:\/\/huguesmaire.com\/index.php\/wp-json\/wp\/v2\/pages"}],"about":[{"href":"https:\/\/huguesmaire.com\/index.php\/wp-json\/wp\/v2\/types\/page"}],"author":[{"embeddable":true,"href":"https:\/\/huguesmaire.com\/index.php\/wp-json\/wp\/v2\/users\/1"}],"replies":[{"embeddable":true,"href":"https:\/\/huguesmaire.com\/index.php\/wp-json\/wp\/v2\/comments?post=473"}],"version-history":[{"count":40,"href":"https:\/\/huguesmaire.com\/index.php\/wp-json\/wp\/v2\/pages\/473\/revisions"}],"predecessor-version":[{"id":995,"href":"https:\/\/huguesmaire.com\/index.php\/wp-json\/wp\/v2\/pages\/473\/revisions\/995"}],"wp:attachment":[{"href":"https:\/\/huguesmaire.com\/index.php\/wp-json\/wp\/v2\/media?parent=473"}],"curies":[{"name":"wp","href":"https:\/\/api.w.org\/{rel}","templated":true}]}}